{"id":10,"date":"2017-07-20T05:02:32","date_gmt":"2017-07-20T05:02:32","guid":{"rendered":"http:\/\/bravuracapital.cl\/?page_id=10"},"modified":"2017-07-20T08:37:51","modified_gmt":"2017-07-20T08:37:51","slug":"bravura-capital-inversiones","status":"publish","type":"page","link":"https:\/\/bravuracapital.cl\/index.php\/bravura-capital-inversiones\/","title":{"rendered":"Bravura Capital INVERSIONES"},"content":{"rendered":"<h2>\u00bfPor qu\u00e9 Bravura <strong>Capital Inversiones<\/strong>?<\/h2>\n<h5>Total objetividad e independencia:<\/h5>\n<p>No contamos con productos propios y por lo tanto buscamos la mejor rentabilidad en las <strong>distintas instituciones<\/strong>, acorde a su perfil.<\/p>\n<h5>Diversificaci\u00f3n del riesgo:<\/h5>\n<p><strong>Podr\u00e1 invertir<\/strong> en una variedad de <strong>instrumentos financieros<\/strong> (APV, Acciones, Fondos Mutuos, Bonos, FIP, productos internacionales, etc.) en distintas instituciones. Dado los vol\u00famenes de operaci\u00f3n que alcanzamos, podr\u00e1 acceder a fondos donde participan directamente las AFP (*). (*) Consulte por el monto m\u00ednimo para invertir en este tipo de fondos. Disponibilidad inmediata de sus <strong>inversiones<\/strong>: al igual que si invirtiera con su banco, obtendr\u00e1 directamente en su cuenta corriente los abonos que solicite a partir de 24 horas desde su solicitud, dependiendo del tipo de instrumento.<\/p>\n<h5>Seguridad:<\/h5>\n<p>Los dep\u00f3sitos y rescates son realizados directamente por usted con las entidades correspondientes. Adem\u00e1s, controlar\u00e1 el riesgo de fraude electr\u00f3nico a sus ahorros al mantenerlos en una entidad distinta a la de su banco.<\/p>\n<h5>Servicio:<\/h5>\n<p>Consolidaremos peri\u00f3dicamente en una misma cartola, la informaci\u00f3n de sus inversiones en las distintas instituciones. Le propondremos los cambios que \u00e9stas requieran para satisfacer sus objetivos, cruzando la informaci\u00f3n que recibimos de las entidades financieras.<\/p>\n<h5>Honorarios:<\/h5>\n<p>Este servicio <strong>no<\/strong> representa costos para usted dado nuestro modelo de negocios (ver detalle de &#8220;Costos de Mantenci\u00f3n&#8221; al final del documento).<\/p>\n<h5>Comodidad:<\/h5>\n<p>Si se incorpora, adem\u00e1s como cliente del \u00e1rea contable de una empresa asociada a Bravura Capital, la informaci\u00f3n de las instituciones financieras, que es requerida para el cierre de sus balances y liquidaciones de impuestos, la proporcionaremos directamente nosotros a esta empresa.<\/p>\n<h5>Planificaci\u00f3n Tributaria:<\/h5>\n<p>Si desea incorporarse a los servicios de una empresa asociada, sus especialistas tributarios lo considerar\u00e1n en forma preferencial para que identifiquen los beneficios tributarios m\u00e1s acordes a su perfil (a pesar de ser muy \u00fatiles, son poco o mal utilizados).<\/p>\n<p>&nbsp;<\/p>\n<ul>\n<li><a href=\"http:\/\/bravuracapital.cl\/index.php\/inversiones-operatoria-y-cartolas-consolidadas\/\" target=\"_blank\" rel=\"noopener\">Operatoria y Cartolas Consolidadas (para Inversiones)<\/a><\/li>\n<\/ul>\n<p>&nbsp;<\/p>\n<p>&nbsp;<\/p>\n<ul>\n<li><a href=\"http:\/\/bravuracapital.cl\/index.php\/costos-involucrados-2\/\" target=\"_blank\" rel=\"noopener\">Costos Involucrados<\/a><\/li>\n<\/ul>\n","protected":false},"excerpt":{"rendered":"<p>\u00bfPor qu\u00e9 Bravura Capital Inversiones? Total objetividad e independencia: No contamos con productos propios y por lo tanto buscamos la mejor rentabilidad en las distintas instituciones, acorde a su perfil. Diversificaci\u00f3n del riesgo: Podr\u00e1 invertir en una variedad de instrumentos financieros (APV, Acciones, Fondos Mutuos, Bonos, FIP, productos internacionales, etc.) en distintas instituciones. Dado los &hellip; <\/p>\n<p class=\"link-more\"><a href=\"https:\/\/bravuracapital.cl\/index.php\/bravura-capital-inversiones\/\" class=\"more-link\">Continue reading<span class=\"screen-reader-text\"> &#8220;Bravura Capital INVERSIONES&#8221;<\/span><\/a><\/p>\n","protected":false},"author":1,"featured_media":0,"parent":0,"menu_order":0,"comment_status":"closed","ping_status":"closed","template":"","meta":{"_monsterinsights_skip_tracking":false,"_monsterinsights_sitenote_active":false,"_monsterinsights_sitenote_note":"","_monsterinsights_sitenote_category":0},"_links":{"self":[{"href":"https:\/\/bravuracapital.cl\/index.php\/wp-json\/wp\/v2\/pages\/10"}],"collection":[{"href":"https:\/\/bravuracapital.cl\/index.php\/wp-json\/wp\/v2\/pages"}],"about":[{"href":"https:\/\/bravuracapital.cl\/index.php\/wp-json\/wp\/v2\/types\/page"}],"author":[{"embeddable":true,"href":"https:\/\/bravuracapital.cl\/index.php\/wp-json\/wp\/v2\/users\/1"}],"replies":[{"embeddable":true,"href":"https:\/\/bravuracapital.cl\/index.php\/wp-json\/wp\/v2\/comments?post=10"}],"version-history":[{"count":15,"href":"https:\/\/bravuracapital.cl\/index.php\/wp-json\/wp\/v2\/pages\/10\/revisions"}],"predecessor-version":[{"id":184,"href":"https:\/\/bravuracapital.cl\/index.php\/wp-json\/wp\/v2\/pages\/10\/revisions\/184"}],"wp:attachment":[{"href":"https:\/\/bravuracapital.cl\/index.php\/wp-json\/wp\/v2\/media?parent=10"}],"curies":[{"name":"wp","href":"https:\/\/api.w.org\/{rel}","templated":true}]}}