{"id":12,"date":"2017-07-20T05:06:38","date_gmt":"2017-07-20T05:06:38","guid":{"rendered":"http:\/\/bravuracapital.cl\/?page_id=12"},"modified":"2017-07-20T07:41:03","modified_gmt":"2017-07-20T07:41:03","slug":"bravura-capital-rentas-privadas","status":"publish","type":"page","link":"https:\/\/bravuracapital.cl\/index.php\/bravura-capital-rentas-privadas\/","title":{"rendered":"Bravura Capital RENTAS PRIVADAS"},"content":{"rendered":"<h2>\u00bfPor qu\u00e9 Bravura Capital <strong>Rentas Privadas<\/strong>?<\/h2>\n<p>&nbsp;<\/p>\n<h5><strong>Total objetividad e independencia:<\/strong><\/h5>\n<p>No contamos con productos propios y por lo tanto buscamos la mejor rentabilidad en las distintas instituciones aseguradoras del mercado, acorde a su perfil.<\/p>\n<h5><strong>Diversificaci\u00f3n del riesgo:<\/strong><\/h5>\n<p>Podr\u00e1 invertir en una variedad de productos (APV con seguro de vida, Fondos Mutuos con seguro de vida, Seguros de Rentas Vitalicias y Temporales, con y sin devoluci\u00f3n de Capital, Pensiones, etc.) en distintas instituciones existentes en el mercado asegurador y previsional. (*) Consulte por las ventajas tributarias de cada producto, al final de esta presentaci\u00f3n.<\/p>\n<h5><strong> Seguridad:<\/strong><\/h5>\n<p>Los dep\u00f3sitos y rescates son realizados directamente por usted con las entidades correspondientes. Adem\u00e1s, controlar\u00e1 el riesgo de fraude electr\u00f3nico a sus ahorros al mantenerlos en una entidad distinta a la de su banco.<\/p>\n<h5><strong>Servicio:<\/strong><\/h5>\n<p>Consolidaremos peri\u00f3dicamente en una misma cartola, la informaci\u00f3n de sus inversiones en las distintas instituciones, cuando sea pertinente. Le propondremos los cambios que \u00e9stas requieran para satisfacer sus objetivos, cruzando la informaci\u00f3n que recibimos de las entidades financieras.<\/p>\n<h5><strong>Diversidad:<\/strong><\/h5>\n<p>Bravura Capital intermedia directamente en el mercado con todas las instituciones aseguradoras, ofreci\u00e9ndole el producto que mejor se adapte a sus necesidades. Esto es especialmente importante en un mercado en permanente desarrollo, con creaci\u00f3n de nuevos productos e innovaciones que van adapt\u00e1ndose a las distintas necesidades de las personas y, especialmente, a la cambiante legislaci\u00f3n tributaria.<\/p>\n<h5><strong> Planificaci\u00f3n Tributaria:<\/strong><\/h5>\n<p>Si desea incorporarse a los servicios de una empresa asociada a Bravura Capital, sus especialistas tributarios lo considerar\u00e1n en forma preferencial para que identifiquen los beneficios tributarios m\u00e1s acordes a su perfil (a pesar de ser muy \u00fatiles, son poco o mal utilizados).<\/p>\n<p><a class=\"fasc-button fasc-size-medium fasc-type-glossy fasc-ico-before dashicons-format-aside\" style=\"background-color: #33809e; color: #ffffff;\" target=\"_blank\" href=\" http:\/\/bravuracapital.cl\/index.php\/a-homepage-section__trashed\/seguros-y-rentas\u2026las-consolidadas\/\">Operatoria y Cartolas Consolidadas&nbsp;(para&nbsp;Rentas Privadas)<\/a><\/p>\n<p><a class=\"fasc-button fasc-size-medium fasc-type-glossy fasc-ico-before dashicons-format-aside\" style=\"background-color: #33809e; color: #ffffff;\" target=\"_blank\" href=\"http:\/\/bravuracapital.cl\/index.php\/costos-involucrados\/\">Costos involucrados<\/a><\/p>\n","protected":false},"excerpt":{"rendered":"<p>\u00bfPor qu\u00e9 Bravura Capital Rentas Privadas? &nbsp; Total objetividad e independencia: No contamos con productos propios y por lo tanto buscamos la mejor rentabilidad en las distintas instituciones aseguradoras del mercado, acorde a su perfil. Diversificaci\u00f3n del riesgo: Podr\u00e1 invertir en una variedad de productos (APV con seguro de vida, Fondos Mutuos con seguro de &hellip; <\/p>\n<p class=\"link-more\"><a href=\"https:\/\/bravuracapital.cl\/index.php\/bravura-capital-rentas-privadas\/\" class=\"more-link\">Continue reading<span class=\"screen-reader-text\"> &#8220;Bravura Capital RENTAS PRIVADAS&#8221;<\/span><\/a><\/p>\n","protected":false},"author":1,"featured_media":0,"parent":0,"menu_order":0,"comment_status":"closed","ping_status":"closed","template":"","meta":{"_monsterinsights_skip_tracking":false,"_monsterinsights_sitenote_active":false,"_monsterinsights_sitenote_note":"","_monsterinsights_sitenote_category":0},"_links":{"self":[{"href":"https:\/\/bravuracapital.cl\/index.php\/wp-json\/wp\/v2\/pages\/12"}],"collection":[{"href":"https:\/\/bravuracapital.cl\/index.php\/wp-json\/wp\/v2\/pages"}],"about":[{"href":"https:\/\/bravuracapital.cl\/index.php\/wp-json\/wp\/v2\/types\/page"}],"author":[{"embeddable":true,"href":"https:\/\/bravuracapital.cl\/index.php\/wp-json\/wp\/v2\/users\/1"}],"replies":[{"embeddable":true,"href":"https:\/\/bravuracapital.cl\/index.php\/wp-json\/wp\/v2\/comments?post=12"}],"version-history":[{"count":7,"href":"https:\/\/bravuracapital.cl\/index.php\/wp-json\/wp\/v2\/pages\/12\/revisions"}],"predecessor-version":[{"id":163,"href":"https:\/\/bravuracapital.cl\/index.php\/wp-json\/wp\/v2\/pages\/12\/revisions\/163"}],"wp:attachment":[{"href":"https:\/\/bravuracapital.cl\/index.php\/wp-json\/wp\/v2\/media?parent=12"}],"curies":[{"name":"wp","href":"https:\/\/api.w.org\/{rel}","templated":true}]}}