{"id":17,"date":"2017-07-20T05:18:19","date_gmt":"2017-07-20T05:18:19","guid":{"rendered":"http:\/\/bravuracapital.cl\/?page_id=17"},"modified":"2017-07-20T08:45:37","modified_gmt":"2017-07-20T08:45:37","slug":"inversiones-costos-involucrados","status":"publish","type":"page","link":"https:\/\/bravuracapital.cl\/index.php\/inversiones-costos-involucrados\/","title":{"rendered":"Costos Involucrados"},"content":{"rendered":"<h6>Costo de Mantenci\u00f3n<\/h6>\n<p>Inversiones superiores a UF 2.500 administradas con nuestro servicio, <strong>no<\/strong> representar\u00e1n honorarios a cancelar por el Cliente (*). Al asignarnos como ejecutivo de inversiones en cada entidad que le propondremos, \u00e9stas cancelar\u00e1n nuestros servicios. No obstante, los costos relacionados a sus inversiones ser\u00e1n iguales o inferiores a si operara directamente con un ejecutivo de las mismas instituciones donde invertir\u00e1. (*) Para montos iguales o menores a UF 2.500, nuestro servicio de mantenci\u00f3n tendr\u00e1 un costo para el Cliente de UF 1,0 \/ mes. Inversiones en APV son sin costo independiente del monto.<\/p>\n","protected":false},"excerpt":{"rendered":"<p>Costo de Mantenci\u00f3n Inversiones superiores a UF 2.500 administradas con nuestro servicio, no representar\u00e1n honorarios a cancelar por el Cliente (*). Al asignarnos como ejecutivo de inversiones en cada entidad que le propondremos, \u00e9stas cancelar\u00e1n nuestros servicios. No obstante, los costos relacionados a sus inversiones ser\u00e1n iguales o inferiores a si operara directamente con un &hellip; <\/p>\n<p class=\"link-more\"><a href=\"https:\/\/bravuracapital.cl\/index.php\/inversiones-costos-involucrados\/\" class=\"more-link\">Continue reading<span class=\"screen-reader-text\"> &#8220;Costos Involucrados&#8221;<\/span><\/a><\/p>\n","protected":false},"author":1,"featured_media":0,"parent":0,"menu_order":0,"comment_status":"closed","ping_status":"closed","template":"","meta":{"_monsterinsights_skip_tracking":false,"_monsterinsights_sitenote_active":false,"_monsterinsights_sitenote_note":"","_monsterinsights_sitenote_category":0},"_links":{"self":[{"href":"https:\/\/bravuracapital.cl\/index.php\/wp-json\/wp\/v2\/pages\/17"}],"collection":[{"href":"https:\/\/bravuracapital.cl\/index.php\/wp-json\/wp\/v2\/pages"}],"about":[{"href":"https:\/\/bravuracapital.cl\/index.php\/wp-json\/wp\/v2\/types\/page"}],"author":[{"embeddable":true,"href":"https:\/\/bravuracapital.cl\/index.php\/wp-json\/wp\/v2\/users\/1"}],"replies":[{"embeddable":true,"href":"https:\/\/bravuracapital.cl\/index.php\/wp-json\/wp\/v2\/comments?post=17"}],"version-history":[{"count":5,"href":"https:\/\/bravuracapital.cl\/index.php\/wp-json\/wp\/v2\/pages\/17\/revisions"}],"predecessor-version":[{"id":188,"href":"https:\/\/bravuracapital.cl\/index.php\/wp-json\/wp\/v2\/pages\/17\/revisions\/188"}],"wp:attachment":[{"href":"https:\/\/bravuracapital.cl\/index.php\/wp-json\/wp\/v2\/media?parent=17"}],"curies":[{"name":"wp","href":"https:\/\/api.w.org\/{rel}","templated":true}]}}