{"id":24,"date":"2017-07-20T05:10:51","date_gmt":"2017-07-20T05:10:51","guid":{"rendered":"http:\/\/bravuracapital.cl\/?page_id=24"},"modified":"2017-07-20T08:48:00","modified_gmt":"2017-07-20T08:48:00","slug":"seguros-y-rentas-privadas-operatoria-y-cartolas-consolidadas","status":"publish","type":"page","link":"https:\/\/bravuracapital.cl\/index.php\/seguros-y-rentas-privadas-operatoria-y-cartolas-consolidadas\/","title":{"rendered":"Operatoria y Cartolas Consolidadas (Seguros y Rentas privadas)"},"content":{"rendered":"<h5>Operatoria<\/h5>\n<p>Identificaremos las <strong>necesidades y objetivos<\/strong> a satisfacer y confeccionaremos un<strong> plan de desarrollo<\/strong> de las distintas etapas conducentes al logro de los objetivos. Distinguimos aqu\u00ed una etapa de acumulaci\u00f3n de <strong>ahorros<\/strong>, una etapa de transici\u00f3n hacia el <strong>retiro<\/strong>, y la \u00faltima de desacumulaci\u00f3n de estos ahorros. Las transferencias desde y hacia el cliente ser\u00e1n realizadas directamente a su cuenta corriente, sin la intervenci\u00f3n de Bravura Capital.<\/p>\n<h5>Cartolas Consolidadas<\/h5>\n<p>Los clientes que administren un monto de inversiones igual o superior a UF 12.000, recibir\u00e1n cartolas consolidadas de Bravura Capital INVERSIONES en forma mensual. En el caso que el monto de inversi\u00f3n sea menor a UF 12.000, emitiremos cartolas consolidadas en forma trimestral.<\/p>\n<p><a href=\"http:\/\/bravuracapital.cl\/index.php\/rentas-costos-involucrados-2\/\" target=\"_blank\" rel=\"noopener\">&gt; \u00a0Costos de involucrados<\/a><\/p>\n","protected":false},"excerpt":{"rendered":"<p>Operatoria Identificaremos las necesidades y objetivos a satisfacer y confeccionaremos un plan de desarrollo de las distintas etapas conducentes al logro de los objetivos. Distinguimos aqu\u00ed una etapa de acumulaci\u00f3n de ahorros, una etapa de transici\u00f3n hacia el retiro, y la \u00faltima de desacumulaci\u00f3n de estos ahorros. Las transferencias desde y hacia el cliente ser\u00e1n &hellip; <\/p>\n<p class=\"link-more\"><a href=\"https:\/\/bravuracapital.cl\/index.php\/seguros-y-rentas-privadas-operatoria-y-cartolas-consolidadas\/\" class=\"more-link\">Continue reading<span class=\"screen-reader-text\"> &#8220;Operatoria y Cartolas Consolidadas (Seguros y Rentas privadas)&#8221;<\/span><\/a><\/p>\n","protected":false},"author":1,"featured_media":0,"parent":0,"menu_order":0,"comment_status":"closed","ping_status":"closed","template":"","meta":{"_monsterinsights_skip_tracking":false,"_monsterinsights_sitenote_active":false,"_monsterinsights_sitenote_note":"","_monsterinsights_sitenote_category":0},"_links":{"self":[{"href":"https:\/\/bravuracapital.cl\/index.php\/wp-json\/wp\/v2\/pages\/24"}],"collection":[{"href":"https:\/\/bravuracapital.cl\/index.php\/wp-json\/wp\/v2\/pages"}],"about":[{"href":"https:\/\/bravuracapital.cl\/index.php\/wp-json\/wp\/v2\/types\/page"}],"author":[{"embeddable":true,"href":"https:\/\/bravuracapital.cl\/index.php\/wp-json\/wp\/v2\/users\/1"}],"replies":[{"embeddable":true,"href":"https:\/\/bravuracapital.cl\/index.php\/wp-json\/wp\/v2\/comments?post=24"}],"version-history":[{"count":5,"href":"https:\/\/bravuracapital.cl\/index.php\/wp-json\/wp\/v2\/pages\/24\/revisions"}],"predecessor-version":[{"id":191,"href":"https:\/\/bravuracapital.cl\/index.php\/wp-json\/wp\/v2\/pages\/24\/revisions\/191"}],"wp:attachment":[{"href":"https:\/\/bravuracapital.cl\/index.php\/wp-json\/wp\/v2\/media?parent=24"}],"curies":[{"name":"wp","href":"https:\/\/api.w.org\/{rel}","templated":true}]}}