{"id":36,"date":"2017-07-19T09:55:07","date_gmt":"2017-07-19T09:55:07","guid":{"rendered":"http:\/\/bravuracapital.cl\/?page_id=36"},"modified":"2017-07-20T05:24:02","modified_gmt":"2017-07-20T05:24:02","slug":"contactenos","status":"publish","type":"page","link":"https:\/\/bravuracapital.cl\/index.php\/contactenos\/","title":{"rendered":"Cont\u00e1ctenos"},"content":{"rendered":"<h4>Carlos Alberto Bravo T.<\/h4>\n<div>Socio<\/div>\n<div>E-mail: <a href=\"mailto:carlosbravot@bravuracapital.cl\">carlosbravot@bravuracapital.cl<\/a><\/div>\n<div>Tel\u00e9fono fijo: + 56 222 07 21 64<\/div>\n<div>Tel\u00e9fono m\u00f3vil; +56 99 23 11 502<\/div>\n<div><\/div>\n<h4>Ana Mar\u00eda Carvacho.<\/h4>\n<div>Ejecutiva atenci\u00f3n al cliente.<\/div>\n<div>E-mail:\u00a0<a href=\"mailto:ana.carvacho@bravuracapital.cl\">ana.carvacho@bravuracapital.cl<\/a><\/div>\n<div>Tel\u00e9fono fijo: +56 222 07 21 64<\/div>\n<div><\/div>\n<div>\n<h5>tel\u00e9fonos:<\/h5>\n<div>Red fija: +56 222 07 21 64 &#8211; +56 222 63 21 47<\/div>\n<\/div>\n<div><\/div>\n<h5>Direcci\u00f3n:<\/h5>\n<div>La Macarena 63 piso 1<\/div>\n<div>Las Condes<\/div>\n<div>Santiago de Chile<\/div>\n<div><\/div>\n<p><iframe loading=\"lazy\" style=\"border: 0;\" src=\"https:\/\/www.google.com\/maps\/embed?pb=!1m18!1m12!1m3!1d3330.4135878764996!2d-70.57973225002189!3d-33.41246010285367!2m3!1f0!2f0!3f0!3m2!1i1024!2i768!4f13.1!3m3!1m2!1s0x9662cf21d6218379%3A0x250d7d4c566de5f8!2sLa+Macarena+63%2C+Las+Condes%2C+Regi%C3%B3n+Metropolitana%2C+Chile!5e0!3m2!1ses!2sfr!4v1500456787987\" width=\"600\" height=\"450\" frameborder=\"0\" allowfullscreen=\"allowfullscreen\"><\/iframe><\/p>\n<div><\/div>\n<div><\/div>\n<div><\/div>\n<div><\/div>\n","protected":false},"excerpt":{"rendered":"<p>Carlos Alberto Bravo T. Socio E-mail: carlosbravot@bravuracapital.cl Tel\u00e9fono fijo: + 56 222 07 21 64 Tel\u00e9fono m\u00f3vil; +56 99 23 11 502 Ana Mar\u00eda Carvacho. Ejecutiva atenci\u00f3n al cliente. E-mail:\u00a0ana.carvacho@bravuracapital.cl Tel\u00e9fono fijo: +56 222 07 21 64 tel\u00e9fonos: Red fija: +56 222 07 21 64 &#8211; +56 222 63 21 47 Direcci\u00f3n: La Macarena 63 &hellip; <\/p>\n<p class=\"link-more\"><a href=\"https:\/\/bravuracapital.cl\/index.php\/contactenos\/\" class=\"more-link\">Continue reading<span class=\"screen-reader-text\"> &#8220;Cont\u00e1ctenos&#8221;<\/span><\/a><\/p>\n","protected":false},"author":1,"featured_media":0,"parent":0,"menu_order":0,"comment_status":"closed","ping_status":"closed","template":"","meta":{"_monsterinsights_skip_tracking":false,"_monsterinsights_sitenote_active":false,"_monsterinsights_sitenote_note":"","_monsterinsights_sitenote_category":0},"_links":{"self":[{"href":"https:\/\/bravuracapital.cl\/index.php\/wp-json\/wp\/v2\/pages\/36"}],"collection":[{"href":"https:\/\/bravuracapital.cl\/index.php\/wp-json\/wp\/v2\/pages"}],"about":[{"href":"https:\/\/bravuracapital.cl\/index.php\/wp-json\/wp\/v2\/types\/page"}],"author":[{"embeddable":true,"href":"https:\/\/bravuracapital.cl\/index.php\/wp-json\/wp\/v2\/users\/1"}],"replies":[{"embeddable":true,"href":"https:\/\/bravuracapital.cl\/index.php\/wp-json\/wp\/v2\/comments?post=36"}],"version-history":[{"count":9,"href":"https:\/\/bravuracapital.cl\/index.php\/wp-json\/wp\/v2\/pages\/36\/revisions"}],"predecessor-version":[{"id":110,"href":"https:\/\/bravuracapital.cl\/index.php\/wp-json\/wp\/v2\/pages\/36\/revisions\/110"}],"wp:attachment":[{"href":"https:\/\/bravuracapital.cl\/index.php\/wp-json\/wp\/v2\/media?parent=36"}],"curies":[{"name":"wp","href":"https:\/\/api.w.org\/{rel}","templated":true}]}}