{"id":4,"date":"2017-07-19T10:17:49","date_gmt":"2017-07-19T10:17:49","guid":{"rendered":"http:\/\/bravuracapital.cl\/?page_id=4"},"modified":"2017-07-20T05:24:44","modified_gmt":"2017-07-20T05:24:44","slug":"nosotros","status":"publish","type":"page","link":"https:\/\/bravuracapital.cl\/index.php\/nosotros\/","title":{"rendered":"Nosotros"},"content":{"rendered":"<h2 style=\"text-align: center;\">Acerca de BRAVURA CAPITAL<\/h2>\n<p>En 1992 nace originalmente Bram Seguros Limitada, como respuesta a las incipientes necesidades de las personas en <strong>asesor\u00eda previsional<\/strong>.\u00a0El \u00e9xito logrado en esta labor y el creciente desarrollo de este mercado nos motiv\u00f3 a crear nuevas \u00e1reas de negocios, incrementado la oferta tanto a personas, como <strong>familias y empresas<\/strong>, con servicios complementarios de <strong>asesor\u00eda financiera y \u00a0de seguros<\/strong>.\u00a0El desarrollo y prestigio alcanzado permite el nacimiento de Bravura Capital, ofreciendo una <strong>asesor\u00eda integral<\/strong> en los ciclos de <strong>acumulaci\u00f3n de ahorros<\/strong>, transici\u00f3n hacia el retiro y la posterior etapa de desacumulaci\u00f3n de los ahorros.<\/p>\n<p>&nbsp;<\/p>\n<h2 style=\"text-align: center;\">Misi\u00f3n, Vision y Valores<\/h2>\n<h3>Misi\u00f3n<\/h3>\n<p>Bravura Capital provee servicios de <strong>Asesor\u00eda Financiera, Asesor\u00eda Previsional y Planificaci\u00f3n Patrimonial Financiera<\/strong>, a personas, <strong>familias \u00a0y empresas<\/strong> en forma personalizada y con la necesaria independencia de las distintas instituciones financieras y aseguradoras.\u00a0Cuidamos de su presente y agregamos valor a su futuro.<\/p>\n<h3>Visi\u00f3n<\/h3>\n<p>Nuestra visi\u00f3n es ser asesores integrales para clientes que requieren <strong>asesor\u00eda personalizada<\/strong> y confiable para sus patrimonios <strong>financieros y previsionales<\/strong>, tanto personales, como familiares.<\/p>\n<h3>Valores<\/h3>\n<h5>Integridad<\/h5>\n<p>Practicamos los m\u00e1s altos est\u00e1ndares y principios \u00e9ticos en todas nuestras actividades.<\/p>\n<h5>Confianza<\/h5>\n<p>Creemos en la importancia de construir relaciones personales basadas en la confianza y discreci\u00f3n.<\/p>\n<h5>Objetividad<\/h5>\n<p>Ideamos soluciones personalizadas con total independencia de negocios relacionados, asegurando ausencia de conflictos de intereses.<\/p>\n<h5>Confidencialidad<\/h5>\n<p>Estrictos est\u00e1ndares de <strong>confidencialidad y reserva<\/strong>.<\/p>\n<p>&nbsp;<\/p>\n","protected":false},"excerpt":{"rendered":"<p>Acerca de BRAVURA CAPITAL En 1992 nace originalmente Bram Seguros Limitada, como respuesta a las incipientes necesidades de las personas en asesor\u00eda previsional.\u00a0El \u00e9xito logrado en esta labor y el creciente desarrollo de este mercado nos motiv\u00f3 a crear nuevas \u00e1reas de negocios, incrementado la oferta tanto a personas, como familias y empresas, con servicios &hellip; <\/p>\n<p class=\"link-more\"><a href=\"https:\/\/bravuracapital.cl\/index.php\/nosotros\/\" class=\"more-link\">Continue reading<span class=\"screen-reader-text\"> &#8220;Nosotros&#8221;<\/span><\/a><\/p>\n","protected":false},"author":1,"featured_media":0,"parent":0,"menu_order":0,"comment_status":"closed","ping_status":"closed","template":"","meta":{"_monsterinsights_skip_tracking":false,"_monsterinsights_sitenote_active":false,"_monsterinsights_sitenote_note":"","_monsterinsights_sitenote_category":0},"_links":{"self":[{"href":"https:\/\/bravuracapital.cl\/index.php\/wp-json\/wp\/v2\/pages\/4"}],"collection":[{"href":"https:\/\/bravuracapital.cl\/index.php\/wp-json\/wp\/v2\/pages"}],"about":[{"href":"https:\/\/bravuracapital.cl\/index.php\/wp-json\/wp\/v2\/types\/page"}],"author":[{"embeddable":true,"href":"https:\/\/bravuracapital.cl\/index.php\/wp-json\/wp\/v2\/users\/1"}],"replies":[{"embeddable":true,"href":"https:\/\/bravuracapital.cl\/index.php\/wp-json\/wp\/v2\/comments?post=4"}],"version-history":[{"count":4,"href":"https:\/\/bravuracapital.cl\/index.php\/wp-json\/wp\/v2\/pages\/4\/revisions"}],"predecessor-version":[{"id":111,"href":"https:\/\/bravuracapital.cl\/index.php\/wp-json\/wp\/v2\/pages\/4\/revisions\/111"}],"wp:attachment":[{"href":"https:\/\/bravuracapital.cl\/index.php\/wp-json\/wp\/v2\/media?parent=4"}],"curies":[{"name":"wp","href":"https:\/\/api.w.org\/{rel}","templated":true}]}}