{"id":66,"date":"2017-07-06T12:41:59","date_gmt":"2017-07-06T12:41:59","guid":{"rendered":"http:\/\/bravuracapital.cl\/?page_id=66"},"modified":"2017-07-20T08:50:34","modified_gmt":"2017-07-20T08:50:34","slug":"home","status":"publish","type":"page","link":"https:\/\/bravuracapital.cl\/","title":{"rendered":""},"content":{"rendered":"<p>Bravura Capital provee servicios de <strong>Asesor\u00eda Financiera, Asesor\u00eda Previsional y Planificaci\u00f3n Patrimonial Financiera<\/strong>, a personas, <strong>familias \u00a0y empresas<\/strong> en forma personalizada y con la necesaria independencia de las distintas instituciones financieras y aseguradoras.\u00a0Cuidamos de su presente y agregamos valor a su futuro.<\/p>\n<div class=\"mceTemp\"><\/div>\n","protected":false},"excerpt":{"rendered":"<p>Bravura Capital provee servicios de Asesor\u00eda Financiera, Asesor\u00eda Previsional y Planificaci\u00f3n Patrimonial Financiera, a personas, familias \u00a0y empresas en forma personalizada y con la necesaria independencia de las distintas instituciones financieras y aseguradoras.\u00a0Cuidamos de su presente y agregamos valor a su futuro.<\/p>\n","protected":false},"author":1,"featured_media":0,"parent":0,"menu_order":0,"comment_status":"closed","ping_status":"closed","template":"","meta":{"_monsterinsights_skip_tracking":false,"_monsterinsights_sitenote_active":false,"_monsterinsights_sitenote_note":"","_monsterinsights_sitenote_category":0},"_links":{"self":[{"href":"https:\/\/bravuracapital.cl\/index.php\/wp-json\/wp\/v2\/pages\/66"}],"collection":[{"href":"https:\/\/bravuracapital.cl\/index.php\/wp-json\/wp\/v2\/pages"}],"about":[{"href":"https:\/\/bravuracapital.cl\/index.php\/wp-json\/wp\/v2\/types\/page"}],"author":[{"embeddable":true,"href":"https:\/\/bravuracapital.cl\/index.php\/wp-json\/wp\/v2\/users\/1"}],"replies":[{"embeddable":true,"href":"https:\/\/bravuracapital.cl\/index.php\/wp-json\/wp\/v2\/comments?post=66"}],"version-history":[{"count":5,"href":"https:\/\/bravuracapital.cl\/index.php\/wp-json\/wp\/v2\/pages\/66\/revisions"}],"predecessor-version":[{"id":193,"href":"https:\/\/bravuracapital.cl\/index.php\/wp-json\/wp\/v2\/pages\/66\/revisions\/193"}],"wp:attachment":[{"href":"https:\/\/bravuracapital.cl\/index.php\/wp-json\/wp\/v2\/media?parent=66"}],"curies":[{"name":"wp","href":"https:\/\/api.w.org\/{rel}","templated":true}]}}